{"id":151,"date":"2025-11-25T16:22:42","date_gmt":"2025-11-25T16:22:42","guid":{"rendered":"https:\/\/mycoachjoseph.fr\/mentions-legales\/"},"modified":"2025-12-28T17:05:10","modified_gmt":"2025-12-28T17:05:10","slug":"mentions-legales","status":"publish","type":"page","link":"https:\/\/mycoachjoseph.fr\/en\/mentions-legales\/","title":{"rendered":"Legal Notice"},"content":{"rendered":"<div class=\"wp-block-group alignfull has-background-background-color has-background has-global-padding is-layout-constrained wp-container-core-group-is-layout-adba22f5 wp-block-group-is-layout-constrained\" style=\"margin-top:0;margin-bottom:0;padding-top:var(--wp--preset--spacing--60);padding-bottom:var(--wp--preset--spacing--60)\">\n<p>\ud83d\udcc4 Mentions l\u00e9gales<\/p>\n\n\n\n<h2 class=\"wp-block-heading\">1. \u00c9diteur du site<\/h2>\n\n\n\n<p>Le pr\u00e9sent site <strong><a href=\"https:\/\/mycoachjoseph.fr\/en\/\">www.mycoachjoseph.fr<\/a><\/strong> est \u00e9dit\u00e9 par :<\/p>\n\n\n\n<p><strong>Joseph Meli<\/strong><br>Coach sportif ind\u00e9pendant<br>Statut :  Auto-entrepreneur<br>Si\u00e8ge social : France<br>T\u00e9l\u00e9phone : 07 83 48 37 53<br>Email : <a>mycoachjoseph@gmail.com<\/a><\/p>\n\n\n\n<hr class=\"wp-block-separator has-alpha-channel-opacity\"\/>\n\n\n\n<h2 class=\"wp-block-heading\">2. Directeur de la publication<\/h2>\n\n\n\n<p>Le directeur de la publication est :<br><strong>Joseph Meli<\/strong><\/p>\n\n\n\n<hr class=\"wp-block-separator has-alpha-channel-opacity\"\/>\n\n\n\n<h2 class=\"wp-block-heading\">3. H\u00e9bergement<\/h2>\n\n\n\n<p>Le site est h\u00e9berg\u00e9 par :<\/p>\n\n\n\n<p><strong>IONOS by 1&amp;1<\/strong><br>7 place de la Gare<br>57200 Sarreguemines \u2013 France<br>Site web : <a>www.ionos.fr<\/a><br>T\u00e9l\u00e9phone : 0970 808 911<\/p>\n\n\n\n<hr class=\"wp-block-separator has-alpha-channel-opacity\"\/>\n\n\n\n<h2 class=\"wp-block-heading\">4. Activit\u00e9<\/h2>\n\n\n\n<p>Le site <strong><a href=\"https:\/\/mycoachjoseph.fr\/en\/\">www.mycoachjoseph.fr<\/a><\/strong> a pour objet la pr\u00e9sentation des services de <strong>coaching sportif personnalis\u00e9<\/strong>, incluant notamment :<\/p>\n\n\n\n<ul class=\"wp-block-list\">\n<li>Coaching sportif \u00e0 domicile<\/li>\n\n\n\n<li>Coaching sportif en salle<\/li>\n\n\n\n<li>Remise en forme, perte de poids<\/li>\n\n\n\n<li>Renforcement musculaire<\/li>\n\n\n\n<li>Pilates et bien-\u00eatre<\/li>\n<\/ul>\n\n\n\n<hr class=\"wp-block-separator has-alpha-channel-opacity\"\/>\n\n\n\n<h2 class=\"wp-block-heading\">5. Responsabilit\u00e9<\/h2>\n\n\n\n<p>L\u2019\u00e9diteur du site s\u2019efforce de fournir des informations aussi pr\u00e9cises que possible.<br>Toutefois, il ne pourra \u00eatre tenu responsable des omissions, inexactitudes ou carences dans la mise \u00e0 jour.<\/p>\n\n\n\n<p>L\u2019utilisateur reconna\u00eet utiliser les informations propos\u00e9es sous sa responsabilit\u00e9 exclusive.<\/p>\n\n\n\n<hr class=\"wp-block-separator has-alpha-channel-opacity\"\/>\n\n\n\n<h2 class=\"wp-block-heading\">6. Propri\u00e9t\u00e9 intellectuelle<\/h2>\n\n\n\n<p>L\u2019ensemble du contenu pr\u00e9sent sur le site <strong><a href=\"https:\/\/mycoachjoseph.fr\/en\/\">www.mycoachjoseph.fr<\/a><\/strong> (textes, images, graphismes, logo, ic\u00f4nes, vid\u00e9os, etc.) est prot\u00e9g\u00e9 par le droit de la propri\u00e9t\u00e9 intellectuelle.<\/p>\n\n\n\n<p>Toute reproduction, repr\u00e9sentation, modification ou adaptation, totale ou partielle, sans autorisation pr\u00e9alable \u00e9crite, est strictement interdite.<\/p>\n\n\n\n<hr class=\"wp-block-separator has-alpha-channel-opacity\"\/>\n\n\n\n<h2 class=\"wp-block-heading\">7. Donn\u00e9es personnelles<\/h2>\n\n\n\n<p>Les informations personnelles collect\u00e9es sur le site sont trait\u00e9es conform\u00e9ment \u00e0 la <strong>Politique de confidentialit\u00e9<\/strong> disponible sur le site.<\/p>\n\n\n\n<p>Conform\u00e9ment au RGPD, l\u2019utilisateur dispose d\u2019un droit d\u2019acc\u00e8s, de rectification et de suppression de ses donn\u00e9es personnelles en contactant :<br>\ud83d\udce7 <strong><a>mycoachjoseph@gmail.com<\/a><\/strong><\/p>\n\n\n\n<hr class=\"wp-block-separator has-alpha-channel-opacity\"\/>\n\n\n\n<h2 class=\"wp-block-heading\">8. Cookies<\/h2>\n\n\n\n<p>Le site peut utiliser des cookies afin d\u2019am\u00e9liorer l\u2019exp\u00e9rience utilisateur et r\u00e9aliser des statistiques de visite.<\/p>\n\n\n\n<p>L\u2019utilisateur peut accepter ou refuser les cookies via le bandeau pr\u00e9vu \u00e0 cet effet lors de sa premi\u00e8re visite.<\/p>\n\n\n\n<hr class=\"wp-block-separator has-alpha-channel-opacity\"\/>\n\n\n\n<h2 class=\"wp-block-heading\">9. Droit applicable<\/h2>\n\n\n\n<p>Les pr\u00e9sentes mentions l\u00e9gales sont r\u00e9gies par le <strong>droit fran\u00e7ais<\/strong>.<br>En cas de litige, les tribunaux fran\u00e7ais seront seuls comp\u00e9tents<\/p>\n<\/div>","protected":false},"excerpt":{"rendered":"<p>\ud83d\udcc4 Mentions l\u00e9gales 1. \u00c9diteur du site Le pr\u00e9sent site www.mycoachjoseph.fr est \u00e9dit\u00e9 par : Joseph MeliCoach sportif ind\u00e9pendantStatut : Auto-entrepreneurSi\u00e8ge social : FranceT\u00e9l\u00e9phone : 07 83 48 37 53Email : mycoachjoseph@gmail.com 2. Directeur de la publication Le directeur de la publication est :Joseph Meli 3. H\u00e9bergement Le site est h\u00e9berg\u00e9 par : IONOS by [&hellip;]<\/p>\n","protected":false},"author":1,"featured_media":0,"parent":0,"menu_order":0,"comment_status":"closed","ping_status":"closed","template":"page-with-title","meta":{"footnotes":""},"class_list":["post-151","page","type-page","status-publish","hentry"],"yoast_head":"<!-- This site is optimized with the Yoast SEO plugin v27.5 - https:\/\/yoast.com\/product\/yoast-seo-wordpress\/ -->\n<title>Mentions L\u00e9gales - mycoachjoseph.fr<\/title>\n<meta name=\"robots\" content=\"index, follow, max-snippet:-1, max-image-preview:large, max-video-preview:-1\" \/>\n<link rel=\"canonical\" href=\"https:\/\/mycoachjoseph.fr\/en\/mentions-legales\/\" \/>\n<meta property=\"og:locale\" content=\"en_GB\" \/>\n<meta property=\"og:type\" content=\"article\" \/>\n<meta property=\"og:title\" content=\"Mentions L\u00e9gales - mycoachjoseph.fr\" \/>\n<meta property=\"og:description\" content=\"\ud83d\udcc4 Mentions l\u00e9gales 1. \u00c9diteur du site Le pr\u00e9sent site www.mycoachjoseph.fr est \u00e9dit\u00e9 par : Joseph MeliCoach sportif ind\u00e9pendantStatut : Auto-entrepreneurSi\u00e8ge social : FranceT\u00e9l\u00e9phone : 07 83 48 37 53Email : mycoachjoseph@gmail.com 2. Directeur de la publication Le directeur de la publication est :Joseph Meli 3. H\u00e9bergement Le site est h\u00e9berg\u00e9 par : IONOS by [&hellip;]\" \/>\n<meta property=\"og:url\" content=\"https:\/\/mycoachjoseph.fr\/en\/mentions-legales\/\" \/>\n<meta property=\"og:site_name\" content=\"mycoachjoseph.fr\" \/>\n<meta property=\"article:publisher\" content=\"https:\/\/www.facebook.com\/profile.php?id=100009017573734\" \/>\n<meta property=\"article:modified_time\" content=\"2025-12-28T17:05:10+00:00\" \/>\n<meta name=\"twitter:card\" content=\"summary_large_image\" \/>\n<meta name=\"twitter:label1\" content=\"Estimated reading time\" \/>\n\t<meta name=\"twitter:data1\" content=\"2 minutes\" \/>\n<script type=\"application\/ld+json\" class=\"yoast-schema-graph\">{\"@context\":\"https:\\\/\\\/schema.org\",\"@graph\":[{\"@type\":\"WebPage\",\"@id\":\"https:\\\/\\\/mycoachjoseph.fr\\\/mentions-legales\\\/\",\"url\":\"https:\\\/\\\/mycoachjoseph.fr\\\/mentions-legales\\\/\",\"name\":\"Mentions L\u00e9gales - mycoachjoseph.fr\",\"isPartOf\":{\"@id\":\"https:\\\/\\\/mycoachjoseph.fr\\\/#website\"},\"datePublished\":\"2025-11-25T16:22:42+00:00\",\"dateModified\":\"2025-12-28T17:05:10+00:00\",\"breadcrumb\":{\"@id\":\"https:\\\/\\\/mycoachjoseph.fr\\\/mentions-legales\\\/#breadcrumb\"},\"inLanguage\":\"en-GB\",\"potentialAction\":[{\"@type\":\"ReadAction\",\"target\":[\"https:\\\/\\\/mycoachjoseph.fr\\\/mentions-legales\\\/\"]}]},{\"@type\":\"BreadcrumbList\",\"@id\":\"https:\\\/\\\/mycoachjoseph.fr\\\/mentions-legales\\\/#breadcrumb\",\"itemListElement\":[{\"@type\":\"ListItem\",\"position\":1,\"name\":\"Accueil\",\"item\":\"https:\\\/\\\/mycoachjoseph.fr\\\/\"},{\"@type\":\"ListItem\",\"position\":2,\"name\":\"Mentions L\u00e9gales\"}]},{\"@type\":\"WebSite\",\"@id\":\"https:\\\/\\\/mycoachjoseph.fr\\\/#website\",\"url\":\"https:\\\/\\\/mycoachjoseph.fr\\\/\",\"name\":\"mycoachjoseph.fr 07 83 48 37 53\",\"description\":\"La reprise du sport en souriant !\",\"publisher\":{\"@id\":\"https:\\\/\\\/mycoachjoseph.fr\\\/#organization\"},\"potentialAction\":[{\"@type\":\"SearchAction\",\"target\":{\"@type\":\"EntryPoint\",\"urlTemplate\":\"https:\\\/\\\/mycoachjoseph.fr\\\/?s={search_term_string}\"},\"query-input\":{\"@type\":\"PropertyValueSpecification\",\"valueRequired\":true,\"valueName\":\"search_term_string\"}}],\"inLanguage\":\"en-GB\"},{\"@type\":\"Organization\",\"@id\":\"https:\\\/\\\/mycoachjoseph.fr\\\/#organization\",\"name\":\"mycoachjoseph.fr 07 83 48 37 53\",\"url\":\"https:\\\/\\\/mycoachjoseph.fr\\\/\",\"logo\":{\"@type\":\"ImageObject\",\"inLanguage\":\"en-GB\",\"@id\":\"https:\\\/\\\/mycoachjoseph.fr\\\/#\\\/schema\\\/logo\\\/image\\\/\",\"url\":\"https:\\\/\\\/mycoachjoseph.fr\\\/wp-content\\\/uploads\\\/2026\\\/03\\\/logo_signature.png\",\"contentUrl\":\"https:\\\/\\\/mycoachjoseph.fr\\\/wp-content\\\/uploads\\\/2026\\\/03\\\/logo_signature.png\",\"width\":600,\"height\":500,\"caption\":\"mycoachjoseph.fr 07 83 48 37 53\"},\"image\":{\"@id\":\"https:\\\/\\\/mycoachjoseph.fr\\\/#\\\/schema\\\/logo\\\/image\\\/\"},\"sameAs\":[\"https:\\\/\\\/www.facebook.com\\\/profile.php?id=100009017573734\"]}]}<\/script>\n<!-- \/ Yoast SEO plugin. -->","yoast_head_json":{"title":"Mentions L\u00e9gales - mycoachjoseph.fr","robots":{"index":"index","follow":"follow","max-snippet":"max-snippet:-1","max-image-preview":"max-image-preview:large","max-video-preview":"max-video-preview:-1"},"canonical":"https:\/\/mycoachjoseph.fr\/en\/mentions-legales\/","og_locale":"en_GB","og_type":"article","og_title":"Mentions L\u00e9gales - mycoachjoseph.fr","og_description":"\ud83d\udcc4 Mentions l\u00e9gales 1. \u00c9diteur du site Le pr\u00e9sent site www.mycoachjoseph.fr est \u00e9dit\u00e9 par : Joseph MeliCoach sportif ind\u00e9pendantStatut : Auto-entrepreneurSi\u00e8ge social : FranceT\u00e9l\u00e9phone : 07 83 48 37 53Email : mycoachjoseph@gmail.com 2. Directeur de la publication Le directeur de la publication est :Joseph Meli 3. H\u00e9bergement Le site est h\u00e9berg\u00e9 par : IONOS by [&hellip;]","og_url":"https:\/\/mycoachjoseph.fr\/en\/mentions-legales\/","og_site_name":"mycoachjoseph.fr","article_publisher":"https:\/\/www.facebook.com\/profile.php?id=100009017573734","article_modified_time":"2025-12-28T17:05:10+00:00","twitter_card":"summary_large_image","twitter_misc":{"Estimated reading time":"2 minutes"},"schema":{"@context":"https:\/\/schema.org","@graph":[{"@type":"WebPage","@id":"https:\/\/mycoachjoseph.fr\/mentions-legales\/","url":"https:\/\/mycoachjoseph.fr\/mentions-legales\/","name":"Mentions L\u00e9gales - mycoachjoseph.fr","isPartOf":{"@id":"https:\/\/mycoachjoseph.fr\/#website"},"datePublished":"2025-11-25T16:22:42+00:00","dateModified":"2025-12-28T17:05:10+00:00","breadcrumb":{"@id":"https:\/\/mycoachjoseph.fr\/mentions-legales\/#breadcrumb"},"inLanguage":"en-GB","potentialAction":[{"@type":"ReadAction","target":["https:\/\/mycoachjoseph.fr\/mentions-legales\/"]}]},{"@type":"BreadcrumbList","@id":"https:\/\/mycoachjoseph.fr\/mentions-legales\/#breadcrumb","itemListElement":[{"@type":"ListItem","position":1,"name":"Accueil","item":"https:\/\/mycoachjoseph.fr\/"},{"@type":"ListItem","position":2,"name":"Mentions L\u00e9gales"}]},{"@type":"WebSite","@id":"https:\/\/mycoachjoseph.fr\/#website","url":"https:\/\/mycoachjoseph.fr\/","name":"mycoachjoseph.fr 07 83 48 37 53","description":"La reprise du sport en souriant !","publisher":{"@id":"https:\/\/mycoachjoseph.fr\/#organization"},"potentialAction":[{"@type":"SearchAction","target":{"@type":"EntryPoint","urlTemplate":"https:\/\/mycoachjoseph.fr\/?s={search_term_string}"},"query-input":{"@type":"PropertyValueSpecification","valueRequired":true,"valueName":"search_term_string"}}],"inLanguage":"en-GB"},{"@type":"Organization","@id":"https:\/\/mycoachjoseph.fr\/#organization","name":"mycoachjoseph.fr 07 83 48 37 53","url":"https:\/\/mycoachjoseph.fr\/","logo":{"@type":"ImageObject","inLanguage":"en-GB","@id":"https:\/\/mycoachjoseph.fr\/#\/schema\/logo\/image\/","url":"https:\/\/mycoachjoseph.fr\/wp-content\/uploads\/2026\/03\/logo_signature.png","contentUrl":"https:\/\/mycoachjoseph.fr\/wp-content\/uploads\/2026\/03\/logo_signature.png","width":600,"height":500,"caption":"mycoachjoseph.fr 07 83 48 37 53"},"image":{"@id":"https:\/\/mycoachjoseph.fr\/#\/schema\/logo\/image\/"},"sameAs":["https:\/\/www.facebook.com\/profile.php?id=100009017573734"]}]}},"_links":{"self":[{"href":"https:\/\/mycoachjoseph.fr\/en\/wp-json\/wp\/v2\/pages\/151","targetHints":{"allow":["GET"]}}],"collection":[{"href":"https:\/\/mycoachjoseph.fr\/en\/wp-json\/wp\/v2\/pages"}],"about":[{"href":"https:\/\/mycoachjoseph.fr\/en\/wp-json\/wp\/v2\/types\/page"}],"author":[{"embeddable":true,"href":"https:\/\/mycoachjoseph.fr\/en\/wp-json\/wp\/v2\/users\/1"}],"replies":[{"embeddable":true,"href":"https:\/\/mycoachjoseph.fr\/en\/wp-json\/wp\/v2\/comments?post=151"}],"version-history":[{"count":3,"href":"https:\/\/mycoachjoseph.fr\/en\/wp-json\/wp\/v2\/pages\/151\/revisions"}],"predecessor-version":[{"id":305,"href":"https:\/\/mycoachjoseph.fr\/en\/wp-json\/wp\/v2\/pages\/151\/revisions\/305"}],"wp:attachment":[{"href":"https:\/\/mycoachjoseph.fr\/en\/wp-json\/wp\/v2\/media?parent=151"}],"curies":[{"name":"wp","href":"https:\/\/api.w.org\/{rel}","templated":true}]}}